{"id":726,"date":"2025-10-24T12:12:30","date_gmt":"2025-10-24T12:12:30","guid":{"rendered":"https:\/\/www.riutunsaatio.fi\/?page_id=726"},"modified":"2026-03-30T11:18:23","modified_gmt":"2026-03-30T11:18:23","slug":"avustukset","status":"publish","type":"page","link":"https:\/\/www.riutunsaatio.fi\/?page_id=726","title":{"rendered":"Avustukset"},"content":{"rendered":"\t\t<div data-elementor-type=\"wp-page\" data-elementor-id=\"726\" class=\"elementor elementor-726\">\n\t\t\t\t\t\t<section class=\"elementor-section elementor-top-section elementor-element elementor-element-32d2c2e elementor-section-boxed elementor-section-height-default elementor-section-height-default\" data-id=\"32d2c2e\" data-element_type=\"section\" data-e-type=\"section\">\n\t\t\t\t\t\t<div class=\"elementor-container elementor-column-gap-default\">\n\t\t\t\t\t<div class=\"elementor-column elementor-col-100 elementor-top-column elementor-element elementor-element-c4d2eda\" data-id=\"c4d2eda\" data-element_type=\"column\" data-e-type=\"column\">\n\t\t\t<div class=\"elementor-widget-wrap elementor-element-populated\">\n\t\t\t\t\t\t<div class=\"elementor-element elementor-element-d6707a4 elementor-widget elementor-widget-spacer\" data-id=\"d6707a4\" data-element_type=\"widget\" data-e-type=\"widget\" data-widget_type=\"spacer.default\">\n\t\t\t\t<div class=\"elementor-widget-container\">\n\t\t\t\t\t\t\t<div class=\"elementor-spacer\">\n\t\t\t<div class=\"elementor-spacer-inner\"><\/div>\n\t\t<\/div>\n\t\t\t\t\t\t<\/div>\n\t\t\t\t<\/div>\n\t\t\t\t\t<\/div>\n\t\t<\/div>\n\t\t\t\t\t<\/div>\n\t\t<\/section>\n\t\t\t\t<section class=\"elementor-section elementor-top-section elementor-element elementor-element-695682c elementor-section-boxed elementor-section-height-default elementor-section-height-default\" data-id=\"695682c\" data-element_type=\"section\" data-e-type=\"section\">\n\t\t\t\t\t\t<div class=\"elementor-container elementor-column-gap-default\">\n\t\t\t\t\t<div class=\"elementor-column elementor-col-100 elementor-top-column elementor-element elementor-element-98306ca\" data-id=\"98306ca\" data-element_type=\"column\" data-e-type=\"column\">\n\t\t\t<div class=\"elementor-widget-wrap elementor-element-populated\">\n\t\t\t\t\t\t<div class=\"elementor-element elementor-element-a5bdeaa elementor-hidden-mobile elementor-widget elementor-widget-heading\" data-id=\"a5bdeaa\" data-element_type=\"widget\" data-e-type=\"widget\" data-widget_type=\"heading.default\">\n\t\t\t\t<div class=\"elementor-widget-container\">\n\t\t\t\t\t<h1 class=\"elementor-heading-title elementor-size-default\">Avustustoiminta ja palkinnot<\/h1>\t\t\t\t<\/div>\n\t\t\t\t<\/div>\n\t\t\t\t<div class=\"elementor-element elementor-element-3ff449b elementor-hidden-desktop elementor-hidden-tablet elementor-widget elementor-widget-heading\" data-id=\"3ff449b\" data-element_type=\"widget\" data-e-type=\"widget\" data-widget_type=\"heading.default\">\n\t\t\t\t<div class=\"elementor-widget-container\">\n\t\t\t\t\t<h1 class=\"elementor-heading-title elementor-size-default\">Avustus-toiminta ja palkinnot<\/h1>\t\t\t\t<\/div>\n\t\t\t\t<\/div>\n\t\t\t\t\t<\/div>\n\t\t<\/div>\n\t\t\t\t\t<\/div>\n\t\t<\/section>\n\t\t\t\t<section class=\"elementor-section elementor-top-section elementor-element elementor-element-7c34155 elementor-section-boxed elementor-section-height-default elementor-section-height-default\" data-id=\"7c34155\" data-element_type=\"section\" data-e-type=\"section\">\n\t\t\t\t\t\t<div class=\"elementor-container elementor-column-gap-default\">\n\t\t\t\t\t<div class=\"elementor-column elementor-col-100 elementor-top-column elementor-element elementor-element-ad676f4\" data-id=\"ad676f4\" data-element_type=\"column\" data-e-type=\"column\">\n\t\t\t<div class=\"elementor-widget-wrap elementor-element-populated\">\n\t\t\t\t\t\t<div class=\"elementor-element elementor-element-e06a209 elementor-widget elementor-widget-heading\" data-id=\"e06a209\" data-element_type=\"widget\" data-e-type=\"widget\" data-widget_type=\"heading.default\">\n\t\t\t\t<div class=\"elementor-widget-container\">\n\t\t\t\t\t<h2 class=\"elementor-heading-title elementor-size-default\">Avustukset<\/h2>\t\t\t\t<\/div>\n\t\t\t\t<\/div>\n\t\t\t\t<div class=\"elementor-element elementor-element-91dc328 elementor-widget elementor-widget-text-editor\" data-id=\"91dc328\" data-element_type=\"widget\" data-e-type=\"widget\" data-widget_type=\"text-editor.default\">\n\t\t\t\t<div class=\"elementor-widget-container\">\n\t\t\t\t\t\t\t\t\t<p>Riutun s\u00e4\u00e4ti\u00f6 jakaa stipendej\u00e4 ja muita avustuksia eri k\u00e4dentaidon alojen oppilaitosten opiskelijoille. Vuosittain stipendej\u00e4 ja avustuksi jaetaan noin kuudellekymmenelle opiskelijalle yli kymmeneen eri oppilaitokseen.<\/p><p>Stipendien lis\u00e4ksi avustetaan Kellosepp\u00e4koulun opiskelijoita ulkomaille suuntautuvien opintosuunnitelmaan kuuluvien koulutussopimusjakson kustannuksiin. P\u00e4\u00e4s\u00e4\u00e4nt\u00f6isesti n\u00e4m\u00e4 ty\u00f6harjoittelumatkat suuntautuvat Sveitsiin, mutta my\u00f6s muihin maihin.<\/p><p>Riutun s\u00e4\u00e4ti\u00f6 my\u00f6nt\u00e4\u00e4 my\u00f6s muita k\u00e4dentaitoihin liittyvi\u00e4 avustuksia sek\u00e4 yksityishenkil\u00f6ille ett\u00e4 yhteis\u00f6ille. N\u00e4it\u00e4 voivat olla esim. koulutustapahtumat, jatkokoulutus, n\u00e4yttelyiden j\u00e4rjest\u00e4minen, laitehankinnat, erilaiset kohdeapurahat jne<\/p>\t\t\t\t\t\t\t\t<\/div>\n\t\t\t\t<\/div>\n\t\t\t\t\t<\/div>\n\t\t<\/div>\n\t\t\t\t\t<\/div>\n\t\t<\/section>\n\t\t\t\t<section class=\"elementor-section elementor-top-section elementor-element elementor-element-b5db1a2 elementor-section-boxed elementor-section-height-default elementor-section-height-default\" data-id=\"b5db1a2\" data-element_type=\"section\" data-e-type=\"section\">\n\t\t\t\t\t\t<div class=\"elementor-container elementor-column-gap-default\">\n\t\t\t\t\t<div class=\"elementor-column elementor-col-100 elementor-top-column elementor-element elementor-element-5671551\" data-id=\"5671551\" data-element_type=\"column\" data-e-type=\"column\">\n\t\t\t<div class=\"elementor-widget-wrap elementor-element-populated\">\n\t\t\t\t\t\t<div class=\"elementor-element elementor-element-db2bde5 elementor-widget elementor-widget-image\" data-id=\"db2bde5\" data-element_type=\"widget\" data-e-type=\"widget\" data-widget_type=\"image.default\">\n\t\t\t\t<div class=\"elementor-widget-container\">\n\t\t\t\t\t\t\t\t\t\t\t\t<figure class=\"wp-caption\">\n\t\t\t\t\t\t\t\t\t\t<img fetchpriority=\"high\" decoding=\"async\" width=\"1024\" height=\"680\" src=\"https:\/\/www.riutunsaatio.fi\/wp-content\/uploads\/2022\/10\/2015-Mauri-Riuttu-kello-6-1024x680.jpg\" class=\"attachment-large size-large wp-image-114\" alt=\"Mauri Riuttu kello\" srcset=\"https:\/\/www.riutunsaatio.fi\/wp-content\/uploads\/2022\/10\/2015-Mauri-Riuttu-kello-6-1024x680.jpg 1024w, https:\/\/www.riutunsaatio.fi\/wp-content\/uploads\/2022\/10\/2015-Mauri-Riuttu-kello-6-300x199.jpg 300w, https:\/\/www.riutunsaatio.fi\/wp-content\/uploads\/2022\/10\/2015-Mauri-Riuttu-kello-6-768x510.jpg 768w, https:\/\/www.riutunsaatio.fi\/wp-content\/uploads\/2022\/10\/2015-Mauri-Riuttu-kello-6-1536x1020.jpg 1536w, https:\/\/www.riutunsaatio.fi\/wp-content\/uploads\/2022\/10\/2015-Mauri-Riuttu-kello-6-2048x1360.jpg 2048w\" sizes=\"(max-width: 1024px) 100vw, 1024px\" \/>\t\t\t\t\t\t\t\t\t\t\t<figcaption class=\"widget-image-caption wp-caption-text\">Mauri Riutun nime\u00e4 kantava sveitsil\u00e4inen rannekello. Kuva: Risto Kangasniemi<\/figcaption>\n\t\t\t\t\t\t\t\t\t\t<\/figure>\n\t\t\t\t\t\t\t\t\t<\/div>\n\t\t\t\t<\/div>\n\t\t\t\t\t<\/div>\n\t\t<\/div>\n\t\t\t\t\t<\/div>\n\t\t<\/section>\n\t\t\t\t<section class=\"elementor-section elementor-top-section elementor-element elementor-element-52466e5 elementor-section-boxed elementor-section-height-default elementor-section-height-default\" data-id=\"52466e5\" data-element_type=\"section\" data-e-type=\"section\">\n\t\t\t\t\t\t<div class=\"elementor-container elementor-column-gap-default\">\n\t\t\t\t\t<div class=\"elementor-column elementor-col-100 elementor-top-column elementor-element elementor-element-bb6cb66\" data-id=\"bb6cb66\" data-element_type=\"column\" data-e-type=\"column\">\n\t\t\t<div class=\"elementor-widget-wrap elementor-element-populated\">\n\t\t\t\t\t\t<div class=\"elementor-element elementor-element-ab7182f elementor-widget elementor-widget-heading\" data-id=\"ab7182f\" data-element_type=\"widget\" data-e-type=\"widget\" data-widget_type=\"heading.default\">\n\t\t\t\t<div class=\"elementor-widget-container\">\n\t\t\t\t\t<h2 class=\"elementor-heading-title elementor-size-default\">Avustusten anominen<\/h2>\t\t\t\t<\/div>\n\t\t\t\t<\/div>\n\t\t\t\t<div class=\"elementor-element elementor-element-16fb07d elementor-widget elementor-widget-text-editor\" data-id=\"16fb07d\" data-element_type=\"widget\" data-e-type=\"widget\" data-widget_type=\"text-editor.default\">\n\t\t\t\t<div class=\"elementor-widget-container\">\n\t\t\t\t\t\t\t\t\t<p class=\"p1\">S\u00e4\u00e4ti\u00f6 voi hakemuksesta my\u00f6nt\u00e4\u00e4 avustuksia k\u00e4dentaitojen ja niiden koulutuksen edist\u00e4miseen sek\u00e4 yksityishenkil\u00f6ille ett\u00e4 yhteis\u00f6ille. Avustuksien kohteina voivat hallituksen harkinnan mukaan olla k\u00e4dentaitojen erityiset koulutustapahtumat, k\u00e4dentaitojen jatkokoulutukseen liittyv\u00e4t lukukausimaksut, matka- ja muut kulut (peruskoulutukseen tai elinkustannuksiin ei apurahoja my\u00f6nnet\u00e4), k\u00e4dentaitoihin liittyvien n\u00e4yttelyiden j\u00e4rjest\u00e4minen, k\u00e4dentaitojen oppilaitosten erityiset laitehankinnat ja erilaiset k\u00e4dentaitojen projektien kulut.<\/p><p class=\"p1\">Vapaamuotoiset avustusanomukset tulee esitt\u00e4\u00e4 s\u00e4hk\u00f6postilla s\u00e4\u00e4ti\u00f6n asiamiehelle Risto Kangasniemelle osoitteeseen info@riutunsaatio.fi. Asiamiehelt\u00e4 voi my\u00f6s pyyt\u00e4\u00e4 lis\u00e4tietoja anomusten laatimiseen.<\/p>\t\t\t\t\t\t\t\t<\/div>\n\t\t\t\t<\/div>\n\t\t\t\t<div class=\"elementor-element elementor-element-1a9e298 elementor-widget elementor-widget-heading\" data-id=\"1a9e298\" data-element_type=\"widget\" data-e-type=\"widget\" data-widget_type=\"heading.default\">\n\t\t\t\t<div class=\"elementor-widget-container\">\n\t\t\t\t\t<h3 class=\"elementor-heading-title elementor-size-default\">Stipendit<\/h3>\t\t\t\t<\/div>\n\t\t\t\t<\/div>\n\t\t\t\t<div class=\"elementor-element elementor-element-bb1e73a elementor-widget elementor-widget-text-editor\" data-id=\"bb1e73a\" data-element_type=\"widget\" data-e-type=\"widget\" data-widget_type=\"text-editor.default\">\n\t\t\t\t<div class=\"elementor-widget-container\">\n\t\t\t\t\t\t\t\t\t<div>Riutun s\u00e4\u00e4ti\u00f6 jakaa stipendit vuosittain yhteisty\u00f6oppilaitosten opiskelijoille. Opettajat tai koulun johtokunta tekev\u00e4t esityksen\u00a0<span style=\"color: var( --e-global-color-text ); font-family: var( --e-global-typography-text-font-family ), Sans-serif; font-weight: var( --e-global-typography-text-font-weight ); background-color: var(--ast-global-color-5); font-size: 1rem;\">stipendinsaajista perusteineen. Stipendit luovutetaan yleens\u00e4 kunkin oppilaitoksen lukukauden p\u00e4\u00e4tt\u00e4j\u00e4isiss\u00e4<\/span><\/div>\t\t\t\t\t\t\t\t<\/div>\n\t\t\t\t<\/div>\n\t\t\t\t<div class=\"elementor-element elementor-element-ae4a2dd elementor-widget elementor-widget-heading\" data-id=\"ae4a2dd\" data-element_type=\"widget\" data-e-type=\"widget\" data-widget_type=\"heading.default\">\n\t\t\t\t<div class=\"elementor-widget-container\">\n\t\t\t\t\t<h2 class=\"elementor-heading-title elementor-size-default\">Palkinnot<\/h2>\t\t\t\t<\/div>\n\t\t\t\t<\/div>\n\t\t\t\t<div class=\"elementor-element elementor-element-462d829 elementor-widget elementor-widget-heading\" data-id=\"462d829\" data-element_type=\"widget\" data-e-type=\"widget\" data-widget_type=\"heading.default\">\n\t\t\t\t<div class=\"elementor-widget-container\">\n\t\t\t\t\t<h3 class=\"elementor-heading-title elementor-size-default\">K\u00e4dentaitaja-palkinto<\/h3>\t\t\t\t<\/div>\n\t\t\t\t<\/div>\n\t\t\t\t<div class=\"elementor-element elementor-element-adb3227 elementor-widget elementor-widget-text-editor\" data-id=\"adb3227\" data-element_type=\"widget\" data-e-type=\"widget\" data-widget_type=\"text-editor.default\">\n\t\t\t\t<div class=\"elementor-widget-container\">\n\t\t\t\t\t\t\t\t\t<p><span style=\"font-style: inherit; font-weight: inherit; color: var( --e-global-color-text ); background-color: var(--ast-global-color-5);\">Riutun s\u00e4\u00e4ti\u00f6 on jakanut vuodesta 1990 alkaen lis\u00e4ksi oman k\u00e4dentaitajapalkinnon mestariluokan taitajalle. Palkinnon virallinen nimi on RIUTUN S\u00c4\u00c4TI\u00d6N PALKINTO. Palkinto on t\u00e4ll\u00e4 hetkell\u00e4 suuruudeltaan 7.000 \u20ac.<\/span><\/p><p>Vuosittain jaettavan k\u00e4dentaitajapalkinnon saajan p\u00e4\u00e4tt\u00e4\u00e4 s\u00e4\u00e4ti\u00f6n hallitus. Palkintoa voi hakea tai esitt\u00e4\u00e4 my\u00f6s ulkopuolinen vapaamuotoisella esityksell\u00e4 tai hakemuksella. P\u00e4\u00e4s\u00e4\u00e4nt\u00f6isesti hallitus ker\u00e4\u00e4 vinkkej\u00e4 ehdolle mestariluokan k\u00e4dentaitajista pitkin vuotta. S\u00e4\u00e4ti\u00f6n hallitus keskustelee ehdokkaista kokouksissa, ja tekee harkinnan perusteella p\u00e4\u00e4t\u00f6ksen.<\/p><p>Riutun s\u00e4\u00e4ti\u00f6n palkinto my\u00f6nnet\u00e4\u00e4n jo taitonsa ja menestyksens\u00e4 osoittaneelle mestariluokan taitajalle.<\/p><div><p>Palkinnon tarkoituksena on korostaa k\u00e4dentaitojen monitahoista yhteiskunnallista merkityst\u00e4, ja kunnioittaa s\u00e4\u00e4ti\u00f6n perustajien ansiokasta el\u00e4m\u00e4nty\u00f6t\u00e4. Sen avulla voidaan palkita k\u00e4dentaitojen alaan liittyv\u00e4 arvokas ty\u00f6panos tai t\u00e4ll\u00e4 alalla osoitettu lahjakkuus. Erityisist\u00e4 syist\u00e4 palkinto voidaan antaa my\u00f6s silloin, kun mainitut ansiot liittyv\u00e4t vain v\u00e4lillisesti k\u00e4dentaitoihin. Palkinto voidaan antaa yhdelle tai useammalle yksityiselle henkil\u00f6lle.<\/p><\/div>\t\t\t\t\t\t\t\t<\/div>\n\t\t\t\t<\/div>\n\t\t\t\t<div class=\"elementor-element elementor-element-26e375c elementor-widget elementor-widget-heading\" data-id=\"26e375c\" data-element_type=\"widget\" data-e-type=\"widget\" data-widget_type=\"heading.default\">\n\t\t\t\t<div class=\"elementor-widget-container\">\n\t\t\t\t\t<h3 class=\"elementor-heading-title elementor-size-default\">Tunnustuspalkinto<\/h3>\t\t\t\t<\/div>\n\t\t\t\t<\/div>\n\t\t\t\t<div class=\"elementor-element elementor-element-70b0cce elementor-widget elementor-widget-text-editor\" data-id=\"70b0cce\" data-element_type=\"widget\" data-e-type=\"widget\" data-widget_type=\"text-editor.default\">\n\t\t\t\t<div class=\"elementor-widget-container\">\n\t\t\t\t\t\t\t\t\t<div><p><span style=\"font-style: inherit; font-weight: inherit; color: var( --e-global-color-text ); font-family: var( --e-global-typography-text-font-family ), Sans-serif; background-color: var(--ast-global-color-5);\">K\u00e4dentaitajapalkinnon lis\u00e4ksi Riutun s\u00e4\u00e4ti\u00f6 jakaa vuosittain 1\u20133 tunnustuspalkintoa erityisist\u00e4 ansioista k\u00e4dentaitojen ammateissa toimiville yleens\u00e4 nuoremmille taitajille kannustimeksi urallaan. Tunnustuspalkintojen suuruus on 1.000 \u20ac.<\/span><\/p><\/div><div><p>Molemmille palkinnoille on yhteist\u00e4 se, ett\u00e4 niill\u00e4 pyrit\u00e4\u00e4n tukemaan yritt\u00e4jyytt\u00e4. Palkittavat k\u00e4dentatajat ovat my\u00f6s osanneet hy\u00f6dynt\u00e4\u00e4 ja markkinoida taitonsa siten, ett\u00e4 siit\u00e4 on muodostunut elinkeino. Valintakriteerin\u00e4 on my\u00f6s, ett\u00e4 palkittavat ovat auliita jakamaan osaamistaan eteenp\u00e4in tarjoamalla esimerkiksi ty\u00f6harjoittelumahdollisuuksia tai muutoin osallistumalla osaamisen jakamiseen.<\/p><p>Palkinnot pyrit\u00e4\u00e4n jakamaan ja saajien nimet julkistamaan joko 22. tai 24. syyskuuta, jolloin vietet\u00e4\u00e4n s\u00e4\u00e4ti\u00f6n perustajien nimip\u00e4ivi\u00e4.<\/p><\/div>\t\t\t\t\t\t\t\t<\/div>\n\t\t\t\t<\/div>\n\t\t\t\t<div class=\"elementor-element elementor-element-26bd091 elementor-mobile-align-center elementor-widget elementor-widget-button\" data-id=\"26bd091\" data-element_type=\"widget\" data-e-type=\"widget\" data-widget_type=\"button.default\">\n\t\t\t\t<div class=\"elementor-widget-container\">\n\t\t\t\t\t\t\t\t\t<div class=\"elementor-button-wrapper\">\n\t\t\t\t\t<a class=\"elementor-button elementor-button-link elementor-size-sm\" href=\"https:\/\/www.riutunsaatio.fi\/?page_id=657\" target=\"_blank\">\n\t\t\t\t\t\t<span class=\"elementor-button-content-wrapper\">\n\t\t\t\t\t\t\t\t\t<span class=\"elementor-button-text\">Katso t\u00e4st\u00e4 kaikki palkinnon saaneet<\/span>\n\t\t\t\t\t<\/span>\n\t\t\t\t\t<\/a>\n\t\t\t\t<\/div>\n\t\t\t\t\t\t\t\t<\/div>\n\t\t\t\t<\/div>\n\t\t\t\t\t<\/div>\n\t\t<\/div>\n\t\t\t\t\t<\/div>\n\t\t<\/section>\n\t\t\t\t<\/div>\n\t\t","protected":false},"excerpt":{"rendered":"<p>Avustustoiminta ja palkinnot Avustus-toiminta ja palkinnot Avustukset Riutun s\u00e4\u00e4ti\u00f6 jakaa stipendej\u00e4 ja muita avustuksia eri k\u00e4dentaidon alojen oppilaitosten opiskelijoille. Vuosittain stipendej\u00e4 ja avustuksi jaetaan noin kuudellekymmenelle opiskelijalle yli kymmeneen eri oppilaitokseen. Stipendien lis\u00e4ksi avustetaan Kellosepp\u00e4koulun opiskelijoita ulkomaille suuntautuvien opintosuunnitelmaan kuuluvien koulutussopimusjakson kustannuksiin. P\u00e4\u00e4s\u00e4\u00e4nt\u00f6isesti n\u00e4m\u00e4 ty\u00f6harjoittelumatkat suuntautuvat Sveitsiin, mutta my\u00f6s muihin maihin. Riutun s\u00e4\u00e4ti\u00f6 my\u00f6nt\u00e4\u00e4 my\u00f6s [&hellip;]<\/p>\n","protected":false},"author":2,"featured_media":0,"parent":6,"menu_order":0,"comment_status":"closed","ping_status":"closed","template":"","meta":{"site-sidebar-layout":"no-sidebar","site-content-layout":"page-builder","ast-site-content-layout":"full-width-container","site-content-style":"default","site-sidebar-style":"default","ast-global-header-display":"","ast-banner-title-visibility":"","ast-main-header-display":"","ast-hfb-above-header-display":"","ast-hfb-below-header-display":"","ast-hfb-mobile-header-display":"","site-post-title":"","ast-breadcrumbs-content":"","ast-featured-img":"disabled","footer-sml-layout":"","ast-disable-related-posts":"","theme-transparent-header-meta":"","adv-header-id-meta":"","stick-header-meta":"","header-above-stick-meta":"","header-main-stick-meta":"","header-below-stick-meta":"","astra-migrate-meta-layouts":"set","ast-page-background-enabled":"default","ast-page-background-meta":{"desktop":{"background-color":"var(--ast-global-color-4)","background-image":"","background-repeat":"repeat","background-position":"center center","background-size":"auto","background-attachment":"scroll","background-type":"","background-media":"","overlay-type":"","overlay-color":"","overlay-opacity":"","overlay-gradient":""},"tablet":{"background-color":"","background-image":"","background-repeat":"repeat","background-position":"center center","background-size":"auto","background-attachment":"scroll","background-type":"","background-media":"","overlay-type":"","overlay-color":"","overlay-opacity":"","overlay-gradient":""},"mobile":{"background-color":"","background-image":"","background-repeat":"repeat","background-position":"center center","background-size":"auto","background-attachment":"scroll","background-type":"","background-media":"","overlay-type":"","overlay-color":"","overlay-opacity":"","overlay-gradient":""}},"ast-content-background-meta":{"desktop":{"background-color":"var(--ast-global-color-5)","background-image":"","background-repeat":"repeat","background-position":"center center","background-size":"auto","background-attachment":"scroll","background-type":"","background-media":"","overlay-type":"","overlay-color":"","overlay-opacity":"","overlay-gradient":""},"tablet":{"background-color":"var(--ast-global-color-5)","background-image":"","background-repeat":"repeat","background-position":"center center","background-size":"auto","background-attachment":"scroll","background-type":"","background-media":"","overlay-type":"","overlay-color":"","overlay-opacity":"","overlay-gradient":""},"mobile":{"background-color":"var(--ast-global-color-5)","background-image":"","background-repeat":"repeat","background-position":"center center","background-size":"auto","background-attachment":"scroll","background-type":"","background-media":"","overlay-type":"","overlay-color":"","overlay-opacity":"","overlay-gradient":""}},"footnotes":""},"class_list":["post-726","page","type-page","status-publish","hentry"],"_links":{"self":[{"href":"https:\/\/www.riutunsaatio.fi\/index.php?rest_route=\/wp\/v2\/pages\/726","targetHints":{"allow":["GET"]}}],"collection":[{"href":"https:\/\/www.riutunsaatio.fi\/index.php?rest_route=\/wp\/v2\/pages"}],"about":[{"href":"https:\/\/www.riutunsaatio.fi\/index.php?rest_route=\/wp\/v2\/types\/page"}],"author":[{"embeddable":true,"href":"https:\/\/www.riutunsaatio.fi\/index.php?rest_route=\/wp\/v2\/users\/2"}],"replies":[{"embeddable":true,"href":"https:\/\/www.riutunsaatio.fi\/index.php?rest_route=%2Fwp%2Fv2%2Fcomments&post=726"}],"version-history":[{"count":8,"href":"https:\/\/www.riutunsaatio.fi\/index.php?rest_route=\/wp\/v2\/pages\/726\/revisions"}],"predecessor-version":[{"id":909,"href":"https:\/\/www.riutunsaatio.fi\/index.php?rest_route=\/wp\/v2\/pages\/726\/revisions\/909"}],"up":[{"embeddable":true,"href":"https:\/\/www.riutunsaatio.fi\/index.php?rest_route=\/wp\/v2\/pages\/6"}],"wp:attachment":[{"href":"https:\/\/www.riutunsaatio.fi\/index.php?rest_route=%2Fwp%2Fv2%2Fmedia&parent=726"}],"curies":[{"name":"wp","href":"https:\/\/api.w.org\/{rel}","templated":true}]}}